{"id":3,"date":"2024-01-10T11:32:44","date_gmt":"2024-01-10T10:32:44","guid":{"rendered":"https:\/\/gib24.gib-dev.com\/?page_id=3"},"modified":"2024-01-10T16:01:30","modified_gmt":"2024-01-10T15:01:30","slug":"datenschutz","status":"publish","type":"page","link":"https:\/\/gib24.gib-dev.com\/de\/datenschutz\/","title":{"rendered":"Datenschutzerkl\u00e4rung"},"content":{"rendered":"\t\t<div data-elementor-type=\"wp-page\" data-elementor-id=\"3\" class=\"elementor elementor-3\" data-elementor-post-type=\"page\">\n\t\t\t\t<div class=\"elementor-element elementor-element-7e087021 e-flex e-con-boxed e-con e-parent\" data-id=\"7e087021\" data-element_type=\"container\" data-settings=\"{&quot;content_width&quot;:&quot;boxed&quot;}\" data-core-v316-plus=\"true\">\n\t\t\t\t\t<div class=\"e-con-inner\">\n\t\t\t\t<div class=\"elementor-element elementor-element-982a7a0 elementor-widget elementor-widget-heading\" data-id=\"982a7a0\" data-element_type=\"widget\" data-widget_type=\"heading.default\">\n\t\t\t\t<div class=\"elementor-widget-container\">\n\t\t\t<style>\/*! elementor - v3.19.0 - 29-01-2024 *\/\n.elementor-heading-title{padding:0;margin:0;line-height:1}.elementor-widget-heading .elementor-heading-title[class*=elementor-size-]>a{color:inherit;font-size:inherit;line-height:inherit}.elementor-widget-heading .elementor-heading-title.elementor-size-small{font-size:15px}.elementor-widget-heading .elementor-heading-title.elementor-size-medium{font-size:19px}.elementor-widget-heading .elementor-heading-title.elementor-size-large{font-size:29px}.elementor-widget-heading .elementor-heading-title.elementor-size-xl{font-size:39px}.elementor-widget-heading .elementor-heading-title.elementor-size-xxl{font-size:59px}<\/style><h1 class=\"elementor-heading-title elementor-size-default\">Datenschutz<\/h1>\t\t<\/div>\n\t\t\t\t<\/div>\n\t\t\t\t<div class=\"elementor-element elementor-element-b061478 elementor-widget elementor-widget-heading\" data-id=\"b061478\" data-element_type=\"widget\" data-widget_type=\"heading.default\">\n\t\t\t\t<div class=\"elementor-widget-container\">\n\t\t\t<h2 class=\"elementor-heading-title elementor-size-default\">Verantwortlich<\/h2>\t\t<\/div>\n\t\t\t\t<\/div>\n\t\t\t\t<div class=\"elementor-element elementor-element-3b738888 elementor-widget elementor-widget-text-editor\" data-id=\"3b738888\" data-element_type=\"widget\" data-widget_type=\"text-editor.default\">\n\t\t\t\t<div class=\"elementor-widget-container\">\n\t\t\t<style>\/*! elementor - v3.19.0 - 29-01-2024 *\/\n.elementor-widget-text-editor.elementor-drop-cap-view-stacked .elementor-drop-cap{background-color:#69727d;color:#fff}.elementor-widget-text-editor.elementor-drop-cap-view-framed .elementor-drop-cap{color:#69727d;border:3px solid;background-color:transparent}.elementor-widget-text-editor:not(.elementor-drop-cap-view-default) .elementor-drop-cap{margin-top:8px}.elementor-widget-text-editor:not(.elementor-drop-cap-view-default) .elementor-drop-cap-letter{width:1em;height:1em}.elementor-widget-text-editor .elementor-drop-cap{float:left;text-align:center;line-height:1;font-size:50px}.elementor-widget-text-editor .elementor-drop-cap-letter{display:inline-block}<\/style>\t\t\t\t<!-- wp:heading -->\n<p><strong>GetINbyte UG<\/strong> (haftungsbeschr\u00e4nkt)<br \/>Leharstra\u00dfe 7<br \/>85098 Gro\u00dfmehring<br \/>Deutschland<\/p>\n<p>Telefon 0841 13 300 600<br \/>Telefax 0841 13 300 601<br \/>E-Mail:\u00a0<a href=\"mailto:info@getinbyte.com\">info@getinbyte.com<\/a><br \/>Website:\u00a0<a href=\"https:\/\/www.getinbyte.com\/\">www.getinbyte.com<\/a><\/p>\n<p><strong>Datenschutzerkl\u00e4rung<\/strong><br \/>Wir von GetINbyte nehmen das Thema Datenschutz sehr ernst und m\u00f6chten dadurch Ihre Privatsph\u00e4re so weit wie m\u00f6glich sch\u00fctzen. Deshalb halten wir uns genauestens bei der Erhebung, Verarbeitung und Nutzung Ihrer personenbezogenen Daten an die gesetzlichen Bestimmungen sowie an die von uns selbst gesetzten Richtlinien.<\/p>\n<p><strong>Auskunft, L\u00f6schung, Sperrung<\/strong><br \/>Wir geben jederzeit Auskunft \u00fcber die von uns gespeicherten personenbezogenen Daten zu Ihrer Person, sowie zur Herkunft, dem Empf\u00e4nger und dem Zweck von Datenerhebung sowie Datenverarbeitung. Diese Information ist f\u00fcr Sie nicht kostenpflichtig. Au\u00dferdem haben Sie das Recht, die Berichtigung, die Sperrung oder L\u00f6schung Ihrer Daten zu verlangen. Dies gilt nicht f\u00fcr Daten, die aufgrund gesetzlicher Vorschriften aufbewahrt oder zur ordnungsgem\u00e4\u00dfen Gesch\u00e4ftsabwicklung ben\u00f6tigt werden. Damit eine Datensperre jederzeit realisiert werden kann, werden Daten zu Kontrollzwecken in einer Sperrdatei vorgehalten.\u00a0<br \/>Wir l\u00f6schen Ihre Daten auf Ihren Wunsch, sofern diese nicht von einer gesetzlichen Archivierungsfrist erfasst wurden.<\/p>\n<p><strong>Erhebung statistischer Daten \/ Cookies<\/strong><br \/>Wenn Sie unsere Webseite besuchen, sammelt unser Webserver \u00fcber Ihren Besuch verschiedene Protokollinformationen, sogenannte Logs, wie zum Beispiel Ihre IP-Adresse, die sie von Ihrem Online-Anbieter erhalten haben. Es ist uns nicht m\u00f6glich diese Daten Ihnen pers\u00f6nlich zuzuordnen. S\u00e4mtliche dieser Informationen werden von uns ausschlie\u00dflich zu statistischen Zwecken ausgewertet, um unseren Online-Auftritt f\u00fcr Sie weiterhin zu verbessern. Eine Verkn\u00fcpfung mit anderen personenbezogenen Daten erfolgt nat\u00fcrlich nicht.<br \/>Gleiches gilt f\u00fcr die von uns verwendeten Cookies. Cookies sind kurze Textdateien, in denen Informationen auf Ihrem PC gespeichert und bei Ihrem n\u00e4chsten Besuch ohne Ihr Zutun wieder abgerufen werden k\u00f6nnen. Sie k\u00f6nnen in Ihrem Webbrowser die Verwendung von Cookies sperren. Dies kann allerdings dazu f\u00fchren, dass einzelne Funktionen, die Ihnen die Nutzung unseres Angebots erleichtern (z.B. Speicherung Ihrer Zugangsdaten und pers\u00f6nlichen Einstellungen), nicht mehr funktionieren.<\/p>\n<p><strong>Sicherheit personenbezogener Daten<\/strong><br \/>Wir treffen technische und organisatorische Ma\u00dfnahmen, um die Sicherheit Ihrer bei uns gespeicherten personenbezogenen Daten zu gew\u00e4hrleisten. Ihre Daten werden gewissenhaft von uns vor Verlust, Zerst\u00f6rung, Verf\u00e4lschung, Manipulation und unberechtigtem Zugriff oder unberechtigter Offenlegung gesch\u00fctzt.<\/p>\n<p><strong>Personenbezogene Daten<\/strong><br \/>Wir erheben personenbezogene Daten im Rahmen von Datenvermeidung nur in dem Ausma\u00df und dem Zeitraum, wie es zur Nutzung unserer Webseite notwendig ist, bzw. vom Gesetzgeber vorgeschrieben wird. Beim Schutz Ihrer pers\u00f6nlichen Daten halten wir uns bei Erhebung und Verarbeitung personenbezogener Daten streng an die entsprechenden gesetzlichen Vorschriften und an diese Datenschutzerkl\u00e4rung. Sobald der Zweck der Datenerhebung wegf\u00e4llt oder das Ende der gesetzlichen Speicherfrist erreicht ist, werden die von uns erhobenen Daten gesperrt oder gel\u00f6scht. Wenn wir personenbezogene Daten erheben \u2013wie z.B. Ihren Namen, Ihre Anschrift oder Ihre E-Mail-Adresse \u2013 erfolgt diese Datenerhebung freiwillig. Unsere Webseite kann regelm\u00e4\u00dfig ohne Weitergabe pers\u00f6nlicher Daten genutzt werden. Diese Daten werden ohne ausdr\u00fcckliche Zustimmung Ihrerseits nicht an Dritte weitergegeben. Bitte beachten Sie, dass die \u00dcbertragung der Daten im Internet allgemein nicht immer sicher ist. Speziell im E-Mail-Verkehr kann der Schutz beim Datenaustausch nicht garantiert werden.<\/p>\n<p><strong>SSL-Verschl\u00fcsselung<\/strong><br \/>F\u00fcr die \u00dcbermittlung vertraulicher oder pers\u00f6nlicher Inhalte unserer Nutzer verwendet unsere Webseite eine SSL-Verschl\u00fcsselung. Diese kommt beispielsweise bei Anfragen, welche Sie an uns unsere Webseite stellen, zum Einsatz. Bitte beachten Sie, dass die SSL-Verschl\u00fcsselung bei entsprechenden Aktivit\u00e4ten von Ihrer Seite her aktiviert ist. Der Einsatz der Verschl\u00fcsselung ist leicht zu erkennen: Die Anzeige in Ihrer Browserzeile wechselt von \u201ehttp:\/\/\u201c zu \u201ehttps:\/\/\u201c. Daten, die \u00fcber SSL verschl\u00fcsselt werden, sind f\u00fcr Dritte nicht lesbar. Wir empfehlen Ihnen Ihre vertraulichen Informationen nur bei aktivierter SSL-Verschl\u00fcsselung anzugeben. Im Zweifelsfall k\u00f6nnen Sie uns gerne kontaktieren.<\/p>\n<p><strong>Google Analytics<\/strong><br \/>Diese Website benutzt Google Analytics, einen Webanalysedienst der Google Inc. (\u201eGoogle\u201c). Google Analytics verwendet sog. \u201eCookies\u201c, Textdateien, die auf Ihrem Computer gespeichert werden und die eine Analyse der Benutzung der Website durch Sie erm\u00f6glichen. Die durch das Cookie erzeugten Informationen \u00fcber Ihre Benutzung dieser Website werden in der Regel an einen Server von Google in den USA \u00fcbertragen und dort gespeichert. Im Falle der Aktivierung der IP-Anonymisierung auf dieser Website, wird Ihre IP-Adresse von Google jedoch innerhalb von Mitgliedstaaten der Europ\u00e4ischen Union oder in anderen Vertragsstaaten des Abkommens \u00fcber den Europ\u00e4ischen Wirtschaftsraum zuvor gek\u00fcrzt. Nur in Ausnahmef\u00e4llen wird die volle IP-Adresse an einen Server von Google in den USA \u00fcbertragen und dort gek\u00fcrzt. Im Auftrag des Betreibers dieser Website wird Google diese Informationen benutzen, um Ihre Nutzung der Website auszuwerten, um Reports \u00fcber die Websiteaktivit\u00e4ten zusammenzustellen und um weitere mit der Websitenutzung und der Internetnutzung verbundene Dienstleistungen gegen\u00fcber dem Websitebetreiber zu erbringen. Die im Rahmen von Google Analytics von Ihrem Browser \u00fcbermittelte IP-Adresse wird nicht mit anderen Daten von Google zusammengef\u00fchrt. Sie k\u00f6nnen die Speicherung der Cookies durch eine entsprechende Einstellung Ihrer Browser-Software verhindern; wir weisen Sie jedoch darauf hin, dass Sie in diesem Fall gegebenenfalls nicht s\u00e4mtliche Funktionen dieser Website vollumf\u00e4nglich werden nutzen k\u00f6nnen. Sie k\u00f6nnen dar\u00fcber hinaus die Erfassung der durch das Cookie erzeugten und auf Ihre Nutzung der Website bezogenen Daten (inkl. Ihrer IP-Adresse) an Google sowie die Verarbeitung dieser Daten durch Google verhindern, indem Sie das unter dem folgenden Link (http:\/\/tools.google.com\/dlpage\/gaoptout?hl=de) verf\u00fcgbare Browser-Plugin herunterladen und installieren.<\/p>\n<!-- \/wp:paragraph -->\t\t\t\t\t\t<\/div>\n\t\t\t\t<\/div>\n\t\t\t\t\t<\/div>\n\t\t\t\t<\/div>\n\t\t\t\t<\/div>\n\t\t","protected":false},"excerpt":{"rendered":"<p>Datenschutz Verantwortlich GetINbyte UG (haftungsbeschr\u00e4nkt)Leharstra\u00dfe 785098 Gro\u00dfmehringDeutschland Telefon 0841 13 300 600Telefax 0841 13 300 601E-Mail:\u00a0info@getinbyte.comWebsite:\u00a0www.getinbyte.com Datenschutzerkl\u00e4rungWir von GetINbyte nehmen das Thema Datenschutz sehr ernst und m\u00f6chten dadurch Ihre Privatsph\u00e4re so weit wie m\u00f6glich sch\u00fctzen. Deshalb halten wir uns genauestens bei der Erhebung, Verarbeitung und Nutzung Ihrer personenbezogenen Daten an die gesetzlichen Bestimmungen sowie an [&hellip;]<\/p>\n","protected":false},"author":1,"featured_media":0,"parent":0,"menu_order":0,"comment_status":"closed","ping_status":"closed","template":"","meta":{"footnotes":""},"class_list":["post-3","page","type-page","status-publish","hentry"],"_links":{"self":[{"href":"https:\/\/gib24.gib-dev.com\/de\/wp-json\/wp\/v2\/pages\/3","targetHints":{"allow":["GET"]}}],"collection":[{"href":"https:\/\/gib24.gib-dev.com\/de\/wp-json\/wp\/v2\/pages"}],"about":[{"href":"https:\/\/gib24.gib-dev.com\/de\/wp-json\/wp\/v2\/types\/page"}],"author":[{"embeddable":true,"href":"https:\/\/gib24.gib-dev.com\/de\/wp-json\/wp\/v2\/users\/1"}],"replies":[{"embeddable":true,"href":"https:\/\/gib24.gib-dev.com\/de\/wp-json\/wp\/v2\/comments?post=3"}],"version-history":[{"count":4,"href":"https:\/\/gib24.gib-dev.com\/de\/wp-json\/wp\/v2\/pages\/3\/revisions"}],"predecessor-version":[{"id":17,"href":"https:\/\/gib24.gib-dev.com\/de\/wp-json\/wp\/v2\/pages\/3\/revisions\/17"}],"wp:attachment":[{"href":"https:\/\/gib24.gib-dev.com\/de\/wp-json\/wp\/v2\/media?parent=3"}],"curies":[{"name":"wp","href":"https:\/\/api.w.org\/{rel}","templated":true}]}}